{"id":665,"date":"2021-10-25T16:22:12","date_gmt":"2021-10-25T14:22:12","guid":{"rendered":"https:\/\/cap-arcona.com\/?page_id=665"},"modified":"2022-11-16T16:10:49","modified_gmt":"2022-11-16T15:10:49","slug":"startseite","status":"publish","type":"page","link":"https:\/\/cap-arcona.com\/en\/","title":{"rendered":"Startseite"},"content":{"rendered":"<div id='layer_slider_1'  class='avia-layerslider main_color avia-shadow  avia-builder-el-0  el_before_av_section  avia-builder-el-first  container_wrap sidebar_right' style='  height: 551px; max-width: 1320px; margin: 0 auto;' ><\/div>\n<div id='section1-spi'  class='avia-section main_color avia-section-default avia-no-border-styling  avia-bg-style-scroll  avia-builder-el-1  el_after_av_layerslider  el_before_av_section   container_wrap sidebar_right' style=' margin-top:20px; margin-bottom:0; '  ><div class='container' ><div class='template-page content  av-content-small alpha units'><div class='post-entry post-entry-type-page post-entry-665'><div class='entry-content-wrapper clearfix'>\n<div  style='padding-bottom:10px; color:#745f7e;font-size:34px;' class='av-special-heading av-special-heading-h2 custom-color-heading blockquote modern-quote modern-centered  avia-builder-el-2  el_before_av_hr  avia-builder-el-first  av-inherit-size '><h2 class='av-special-heading-tag '  itemprop=\"headline\"  >Die umfangreichste Dokumentation zur Cap Arcona Katastrophe<\/h2><div class='special-heading-border'><div class='special-heading-inner-border' style='border-color:#745f7e'><\/div><\/div><\/div>\n<div  style=' margin-top:30; margin-bottom:60;'  class='hr hr-custom hr-center hr-icon-no   avia-builder-el-3  el_after_av_heading  el_before_av_one_half  trennlinie-spi'><span class='hr-inner  inner-border-av-border-fat' style=' width:100%; border-color:#ecf0f1;' ><span class='hr-inner-style'><\/span><\/span><\/div>\n<div class=\"flex_column av_one_half  no_margin flex_column_div av-zero-column-padding first  avia-builder-el-4  el_after_av_hr  el_before_av_one_half  \" style='border-radius:0px; '><div  class='avia-image-container  av-styling-no-styling    avia-builder-el-5  avia-builder-el-no-sibling  border-img-spi avia-align-center '  itemprop=\"image\" itemscope=\"itemscope\" itemtype=\"https:\/\/schema.org\/ImageObject\"  ><div class='avia-image-container-inner'><div class='avia-image-overlay-wrap'><img class='wp-image-642 avia-img-lazy-loading-not-642 avia_image' src=\"https:\/\/cap-arcona.com\/wp-content\/uploads\/2022\/10\/Bildschirmfoto-2022-10-23-um-20.39.19-227x300.png\" alt='' title='Bildschirmfoto 2022-10-23 um 20.39.19' height=\"300\" width=\"227\"  itemprop=\"thumbnailUrl\" srcset=\"https:\/\/cap-arcona.com\/wp-content\/uploads\/2022\/10\/Bildschirmfoto-2022-10-23-um-20.39.19-227x300.png 227w, https:\/\/cap-arcona.com\/wp-content\/uploads\/2022\/10\/Bildschirmfoto-2022-10-23-um-20.39.19-778x1030.png 778w, https:\/\/cap-arcona.com\/wp-content\/uploads\/2022\/10\/Bildschirmfoto-2022-10-23-um-20.39.19-768x1017.png 768w, https:\/\/cap-arcona.com\/wp-content\/uploads\/2022\/10\/Bildschirmfoto-2022-10-23-um-20.39.19-532x705.png 532w, https:\/\/cap-arcona.com\/wp-content\/uploads\/2022\/10\/Bildschirmfoto-2022-10-23-um-20.39.19-450x596.png 450w, https:\/\/cap-arcona.com\/wp-content\/uploads\/2022\/10\/Bildschirmfoto-2022-10-23-um-20.39.19-600x795.png 600w, https:\/\/cap-arcona.com\/wp-content\/uploads\/2022\/10\/Bildschirmfoto-2022-10-23-um-20.39.19.png 1024w\" sizes=\"(max-width: 227px) 100vw, 227px\" \/><\/div><\/div><\/div><\/div><div class=\"flex_column av_one_half  no_margin flex_column_div av-zero-column-padding   avia-builder-el-6  el_after_av_one_half  el_before_av_hr  \" style='border-radius:0px; '><section class=\"av_textblock_section \"  itemscope=\"itemscope\" itemtype=\"https:\/\/schema.org\/CreativeWork\" ><div class='avia_textblock spi-right1 '   itemprop=\"text\" ><h2>Was geschah am 3. Mai 1945?<\/h2>\n<p class=\"p1\">Es ist die letzte Trag\u00f6die des 2. Weltkriegs. Am 03. Mai 1945 greifen britische Jagdbomber eine Schiffsansammlung in der Ostsee an, die sie f\u00fcr deutsche Kriegsschiffe halten.<span class=\"Apple-converted-space\">\u00a0 <\/span>Ein grauenhafter Irrtum. In der L\u00fcbecker Bucht kurz vor Neustadt ankern auch drei Schiffe, auf die SS fast 10.000 H\u00e4ftlinge aus dem Konzentrationslager Neuengamme verschleppt hatte. W\u00e4hrend die Menschen auf ihre Befreiung warten, explodiert der ehemalige Luxusliner Cap Arcona in einem gewaltigen Feuerball. Fast alle kommen dabei ums Leben. Aber waren es wirklich die Briten, wie bisher alle dachten? Die SS hatte aus der Cap Arcona eine schwimmende Bombe gemacht. Doch wer bet\u00e4tigte den Z\u00fcnder? Ein R\u00e4tsel, das bis heute ungekl\u00e4rt ist &#8230;<\/p>\n<p><strong>Der Fall Cap Arcona<\/strong>, Kino-Dokumentarfilm von Karl-Hermann Leukert und G\u00fcnter Klaucke<\/p>\n<p><strong>Cap Arcona &#8211; Autopsie eines Verbrechens<\/strong>, Videorecherche von Karl-Hermann Leukert und Dietmar Gust<\/p>\n<p><strong>Le Po\u00e8me &#8211; ein Epitaph<\/strong>, Kurzfilm von Karl-Hermann Leukert und G\u00fcnter Klaucke<\/p>\n<\/div><\/section><\/div><div  style=' margin-top:30; margin-bottom:30;'  class='hr hr-custom hr-center hr-icon-no   avia-builder-el-8  el_after_av_one_half  el_before_av_one_full  trennlinie-spi'><span class='hr-inner  inner-border-av-border-fat' style=' width:100%; border-color:#ecf0f1;' ><span class='hr-inner-style'><\/span><\/span><\/div>\n<div class=\"flex_column av_one_full  flex_column_div av-zero-column-padding first  avia-builder-el-9  el_after_av_hr  el_before_av_three_fifth  bildband-bestellen \" style='border-radius:0px; ' id=\"auraschutz\" ><p>No products found which match your selection.<\/p><div class=\"clear\"><\/div><\/div><div class=\"flex_column av_three_fifth  no_margin flex_column_div av-zero-column-padding first  avia-builder-el-11  el_after_av_one_full  el_before_av_two_fifth  column-top-margin\" style='border-radius:0px; '><div  class='avia-gallery  avia-gallery-1 avia_lazyload avia-gallery-animate avia_animate_when_visible  avia-builder-el-12  avia-builder-el-no-sibling  auraschutz'  itemprop=\"image\" itemscope=\"itemscope\" itemtype=\"https:\/\/schema.org\/ImageObject\" ><div class='avia-gallery-thumb'> <a href='https:\/\/cap-arcona.com\/wp-content\/uploads\/2022\/10\/Buch_Bertram-1030x687.png' data-rel='gallery-1' data-prev-img='https:\/\/cap-arcona.com\/wp-content\/uploads\/2022\/10\/Buch_Bertram-495x400.png' class='first_thumb lightbox ' data-onclick='1' title='Kapit\u00e4n Bertram konnte die Belegung des Schiffs als KZ nicht verhindern'  itemprop=\"thumbnailUrl\"  ><img class=\"wp-image-643 avia-img-lazy-loading-not-643\"  data-avia-tooltip='Kapit\u00e4n Bertram konnte die Belegung des Schiffs als KZ nicht verhindern' src=\"https:\/\/cap-arcona.com\/wp-content\/uploads\/2022\/10\/Buch_Bertram-495x400.png\" width=\"495\" height=\"400\"  title='Buch_Bertram' alt='' srcset=\"https:\/\/cap-arcona.com\/wp-content\/uploads\/2022\/10\/Buch_Bertram-495x400.png 495w, https:\/\/cap-arcona.com\/wp-content\/uploads\/2022\/10\/Buch_Bertram-845x684.png 845w\" sizes=\"(max-width: 495px) 100vw, 495px\" \/><\/a> <a href='https:\/\/cap-arcona.com\/wp-content\/uploads\/2022\/10\/Buch_Luxusliner-1030x687.png' data-rel='gallery-1' data-prev-img='https:\/\/cap-arcona.com\/wp-content\/uploads\/2022\/10\/Buch_Luxusliner-495x400.png' class='lightbox ' data-onclick='2' title='&#8220;K\u00f6nigin des S\u00fcdatlantik&#8221; wurde die Cap Arcona nach ihrem Stapellauf genannt.'  itemprop=\"thumbnailUrl\"  ><img class=\"wp-image-644 avia-img-lazy-loading-not-644\"  data-avia-tooltip='&#8220;K\u00f6nigin des S\u00fcdatlantik&#8221; wurde die Cap Arcona nach ihrem Stapellauf genannt.' src=\"https:\/\/cap-arcona.com\/wp-content\/uploads\/2022\/10\/Buch_Luxusliner-495x400.png\" width=\"495\" height=\"400\"  title='Buch_Luxusliner' alt='' srcset=\"https:\/\/cap-arcona.com\/wp-content\/uploads\/2022\/10\/Buch_Luxusliner-495x400.png 495w, https:\/\/cap-arcona.com\/wp-content\/uploads\/2022\/10\/Buch_Luxusliner-845x684.png 845w\" sizes=\"(max-width: 495px) 100vw, 495px\" \/><\/a> <a href='https:\/\/cap-arcona.com\/wp-content\/uploads\/2022\/10\/Buch_Prospekt-1030x687.png' data-rel='gallery-1' data-prev-img='https:\/\/cap-arcona.com\/wp-content\/uploads\/2022\/10\/Buch_Prospekt-495x400.png' class='lightbox ' data-onclick='3' title='Ein komfortables Reservat f\u00fcr Banker wie Bankrotteure in unruhigen Zeiten'  itemprop=\"thumbnailUrl\"  ><img class=\"wp-image-645 avia-img-lazy-loading-not-645\"  data-avia-tooltip='Ein komfortables Reservat f\u00fcr Banker wie Bankrotteure in unruhigen Zeiten' src=\"https:\/\/cap-arcona.com\/wp-content\/uploads\/2022\/10\/Buch_Prospekt-495x400.png\" width=\"495\" height=\"400\"  title='Buch_Prospekt' alt='' srcset=\"https:\/\/cap-arcona.com\/wp-content\/uploads\/2022\/10\/Buch_Prospekt-495x400.png 495w, https:\/\/cap-arcona.com\/wp-content\/uploads\/2022\/10\/Buch_Prospekt-845x684.png 845w\" sizes=\"(max-width: 495px) 100vw, 495px\" \/><\/a> <a href='https:\/\/cap-arcona.com\/wp-content\/uploads\/2022\/10\/Buch_Le-Poe\u0300me-1030x687.png' data-rel='gallery-1' data-prev-img='https:\/\/cap-arcona.com\/wp-content\/uploads\/2022\/10\/Buch_Le-Poe\u0300me-495x400.png' class='lightbox ' data-onclick='4' title='Lucienne Bouffioux hat ihren Mann Ren\u00e9 Blieck bei der Katastrophe verloren'  itemprop=\"thumbnailUrl\"  ><img class=\"wp-image-647 avia-img-lazy-loading-not-647\"  data-avia-tooltip='Lucienne Bouffioux hat ihren Mann Ren\u00e9 Blieck bei der Katastrophe verloren' src=\"https:\/\/cap-arcona.com\/wp-content\/uploads\/2022\/10\/Buch_Le-Poe\u0300me-495x400.png\" width=\"495\" height=\"400\"  title='Buch_Le Poe\u0300me' alt='' srcset=\"https:\/\/cap-arcona.com\/wp-content\/uploads\/2022\/10\/Buch_Le-Poe\u0300me-495x400.png 495w, https:\/\/cap-arcona.com\/wp-content\/uploads\/2022\/10\/Buch_Le-Poe\u0300me-845x684.png 845w\" sizes=\"(max-width: 495px) 100vw, 495px\" \/><\/a> <a href='https:\/\/cap-arcona.com\/wp-content\/uploads\/2022\/10\/Buch_PRO-1030x687.png' data-rel='gallery-1' data-prev-img='https:\/\/cap-arcona.com\/wp-content\/uploads\/2022\/10\/Buch_PRO-495x400.png' class='lightbox ' data-onclick='5' title='Das gesamte Oberdeck der Cap Arcona stand nach dem Angriff in Flammen'  itemprop=\"thumbnailUrl\"  ><img class=\"wp-image-646 avia-img-lazy-loading-not-646\"  data-avia-tooltip='Das gesamte Oberdeck der Cap Arcona stand nach dem Angriff in Flammen' src=\"https:\/\/cap-arcona.com\/wp-content\/uploads\/2022\/10\/Buch_PRO-495x400.png\" width=\"495\" height=\"400\"  title='Buch_PRO' alt='' srcset=\"https:\/\/cap-arcona.com\/wp-content\/uploads\/2022\/10\/Buch_PRO-495x400.png 495w, https:\/\/cap-arcona.com\/wp-content\/uploads\/2022\/10\/Buch_PRO-845x684.png 845w\" sizes=\"(max-width: 495px) 100vw, 495px\" \/><\/a> <a href='https:\/\/cap-arcona.com\/wp-content\/uploads\/2022\/10\/Buch_Baldwin-1030x687.png' data-rel='gallery-1' data-prev-img='https:\/\/cap-arcona.com\/wp-content\/uploads\/2022\/10\/Buch_Baldwin-495x400.png' class='lightbox ' data-onclick='6' title='Johnny Baldwin leitete mit seiner 198. Staffel den Angriff auf die Cap Arcona'  itemprop=\"thumbnailUrl\"  ><img class=\"wp-image-648 avia-img-lazy-loading-not-648\"  data-avia-tooltip='Johnny Baldwin leitete mit seiner 198. Staffel den Angriff auf die Cap Arcona' src=\"https:\/\/cap-arcona.com\/wp-content\/uploads\/2022\/10\/Buch_Baldwin-495x400.png\" width=\"495\" height=\"400\"  title='Buch_Baldwin' alt='' srcset=\"https:\/\/cap-arcona.com\/wp-content\/uploads\/2022\/10\/Buch_Baldwin-495x400.png 495w, https:\/\/cap-arcona.com\/wp-content\/uploads\/2022\/10\/Buch_Baldwin-845x684.png 845w\" sizes=\"(max-width: 495px) 100vw, 495px\" \/><\/a><\/div><\/div><\/div><div class=\"flex_column av_two_fifth  no_margin flex_column_div av-zero-column-padding   avia-builder-el-13  el_after_av_three_fifth  el_before_av_hr  zusatzfeld column-top-margin\" style='border-radius:0px; '><section class=\"av_textblock_section \"  itemscope=\"itemscope\" itemtype=\"https:\/\/schema.org\/CreativeWork\" ><div class='avia_textblock  '  style='font-size:11px; '  itemprop=\"text\" ><p><strong>Wichtiger Hinweis!<\/strong><\/p>\n<p>In dem Buch befindet sich ein Link zu einer Website, auf der sie alle Filme in hoher Aufl\u00f6sung herunterladen oder streamen k\u00f6nnen.<\/p>\n<\/div><\/section><\/div><div  style=' margin-top:30; margin-bottom:30;'  class='hr hr-custom hr-center hr-icon-no   avia-builder-el-15  el_after_av_two_fifth  avia-builder-el-last  trennlinie-spi'><span class='hr-inner  inner-border-av-border-fat' style=' width:100%; border-color:#ecf0f1;' ><span class='hr-inner-style'><\/span><\/span><\/div>\n<\/div><\/div><\/div><!-- close content main div --><\/div><\/div><div id='section2-spi'  class='avia-section main_color avia-section-no-padding avia-no-border-styling  avia-bg-style-scroll  avia-builder-el-16  el_after_av_section  avia-builder-el-last   container_wrap sidebar_right' style='background-color: #ecf0f1;  '  ><div class='container' ><div class='template-page content  av-content-small alpha units'><div class='post-entry post-entry-type-page post-entry-665'><div class='entry-content-wrapper clearfix'>\n<div class=\"flex_column av_one_full  flex_column_div av-zero-column-padding first  avia-builder-el-17  el_before_av_one_full  avia-builder-el-first  \" style='border-radius:0px; '><div  class='avia-video avia-video-16-9   av-lazyload-immediate  av-lazyload-video-embed  '   itemprop=\"video\" itemtype=\"https:\/\/schema.org\/VideoObject\"  data-original_url='https:\/\/www.youtube.com\/watch?v=ZNsr1tDoKHQ' ><script type='text\/html' class='av-video-tmpl'><div class='avia-iframe-wrap'><iframe title=\"Cap Arcona - Autopsie eines Verbrechens (autopsy of a crime) deutsch\/englisch (Trailer)\" width=\"1500\" height=\"844\" src=\"https:\/\/www.youtube.com\/embed\/ZNsr1tDoKHQ?feature=oembed&autoplay=0&loop=0&controls=1&mute=0\" frameborder=\"0\" allow=\"accelerometer; autoplay; clipboard-write; encrypted-media; gyroscope; picture-in-picture\" allowfullscreen><\/iframe><\/div><\/script><div class='av-click-to-play-overlay'><div class=\"avia_playpause_icon\"><\/div><\/div><\/div><\/div><div class=\"flex_column av_one_full  flex_column_div first  avia-builder-el-19  el_after_av_one_full  avia-builder-el-last  column-top-margin\" style='margin-top:0px; margin-bottom:0px; padding:0px 0px 0px 10px ; border-radius:0px; '><p><div  id=\"biographie\"  style='padding-bottom:10px; ' class='av-special-heading av-special-heading-h3  blockquote modern-quote  avia-builder-el-20  el_before_av_textblock  avia-builder-el-first  '><h3 class='av-special-heading-tag '  itemprop=\"headline\"  ><span class='special_amp'>&#8220;<\/span>Der Fall Cap Arcona<span class='special_amp'>&#8221;<\/span> &#8211; von der Bundesregierung zum <span class='special_amp'>&#8220;<\/span>Filmerbe<span class='special_amp'>&#8221;<\/span> erkl\u00e4rt<\/h3><div class='special-heading-border'><div class='special-heading-inner-border' ><\/div><\/div><\/div><br \/>\n<section class=\"av_textblock_section \"  itemscope=\"itemscope\" itemtype=\"https:\/\/schema.org\/CreativeWork\" ><div class='avia_textblock spi-right2 '   itemprop=\"text\" ><p class=\"p1\">Die umfangreichste Dokumentation \u00fcber die Versenkung der Cap Arcona am 03. Mai 1945 mit 7.500 Toten. Zahlreiche Interviews mit \u00dcberlebenden. Darunter ehemalige H\u00e4ftlinge aus dem SS-Lager Neuengamme bei Hamburg, die sich von den beiden Schiffen Cap Arcona und Thielbek retten konnten, darunter der bekannte Schauspieler Erwin Geschonneck. Mitglieder der Besatzung, vom einfachen Schiffsjungen bis zum Steuermann, schildern ihre Erfahrung mit der SS, wie sie den Angriff erlebt haben und warum ihnen im Gegensatz zu vielen anderen die Rettung gelang. Wie sah die Explosion aus Sicht der Briten aus? Der Historiker und Pilot Roy Nesbit \u00fcber den Angriff auf die Cap Arcona. Der deutsche Historiker und Buchautor Wilhelm Lange \u00fcber die Hintergr\u00fcnde der Katastrophe. Wer tr\u00e4gt die Verantwortung f\u00fcr dieses Verbrechen?<span class=\"Apple-converted-space\">\u00a0<\/span><\/p>\n<\/div><\/section><\/p><\/div>\n<\/div><\/div><\/div><!-- close content main div --><\/div><\/div><div id='after_section_2'  class='main_color av_default_container_wrap container_wrap sidebar_right' style=' '  ><div class='container' ><div class='template-page content  av-content-small alpha units'><div class='post-entry post-entry-type-page post-entry-665'><div class='entry-content-wrapper clearfix'><\/p>\n","protected":false},"excerpt":{"rendered":"","protected":false},"author":1,"featured_media":0,"parent":0,"menu_order":0,"comment_status":"closed","ping_status":"closed","template":"","meta":[],"yoast_head":"<!-- This site is optimized with the Yoast SEO plugin v19.9 - https:\/\/yoast.com\/wordpress\/plugins\/seo\/ -->\n<title>Startseite - Cap Arcona<\/title>\n<meta name=\"robots\" content=\"index, follow, max-snippet:-1, max-image-preview:large, max-video-preview:-1\" \/>\n<link rel=\"canonical\" href=\"https:\/\/cap-arcona.com\/en\/startseite\/\" \/>\n<meta property=\"og:locale\" content=\"en_US\" \/>\n<meta property=\"og:type\" content=\"article\" \/>\n<meta property=\"og:title\" content=\"Startseite - Cap Arcona\" \/>\n<meta property=\"og:url\" content=\"https:\/\/cap-arcona.com\/en\/startseite\/\" \/>\n<meta property=\"og:site_name\" content=\"Cap Arcona\" \/>\n<meta property=\"article:modified_time\" content=\"2022-11-16T15:10:49+00:00\" \/>\n<meta name=\"twitter:card\" content=\"summary_large_image\" \/>\n<meta name=\"twitter:label1\" content=\"Est. reading time\" \/>\n\t<meta name=\"twitter:data1\" content=\"6 minutes\" \/>\n<script type=\"application\/ld+json\" class=\"yoast-schema-graph\">{\"@context\":\"https:\/\/schema.org\",\"@graph\":[{\"@type\":\"WebPage\",\"@id\":\"https:\/\/cap-arcona.com\/en\/startseite\/\",\"url\":\"https:\/\/cap-arcona.com\/en\/startseite\/\",\"name\":\"Startseite - Cap Arcona\",\"isPartOf\":{\"@id\":\"https:\/\/cap-arcona.com\/#website\"},\"datePublished\":\"2021-10-25T14:22:12+00:00\",\"dateModified\":\"2022-11-16T15:10:49+00:00\",\"breadcrumb\":{\"@id\":\"https:\/\/cap-arcona.com\/en\/startseite\/#breadcrumb\"},\"inLanguage\":\"en-US\",\"potentialAction\":[{\"@type\":\"ReadAction\",\"target\":[\"https:\/\/cap-arcona.com\/en\/startseite\/\"]}]},{\"@type\":\"BreadcrumbList\",\"@id\":\"https:\/\/cap-arcona.com\/en\/startseite\/#breadcrumb\",\"itemListElement\":[{\"@type\":\"ListItem\",\"position\":1,\"name\":\"Startseite\",\"item\":\"https:\/\/cap-arcona.com\/en\/startseite\/\"},{\"@type\":\"ListItem\",\"position\":2,\"name\":\"Startseite\"}]},{\"@type\":\"WebSite\",\"@id\":\"https:\/\/cap-arcona.com\/#website\",\"url\":\"https:\/\/cap-arcona.com\/\",\"name\":\"Cap Arcona\",\"description\":\"Eine weitere WordPress-Seite\",\"potentialAction\":[{\"@type\":\"SearchAction\",\"target\":{\"@type\":\"EntryPoint\",\"urlTemplate\":\"https:\/\/cap-arcona.com\/?s={search_term_string}\"},\"query-input\":\"required name=search_term_string\"}],\"inLanguage\":\"en-US\"}]}<\/script>\n<!-- \/ Yoast SEO plugin. -->","yoast_head_json":{"title":"Startseite - Cap Arcona","robots":{"index":"index","follow":"follow","max-snippet":"max-snippet:-1","max-image-preview":"max-image-preview:large","max-video-preview":"max-video-preview:-1"},"canonical":"https:\/\/cap-arcona.com\/en\/startseite\/","og_locale":"en_US","og_type":"article","og_title":"Startseite - Cap Arcona","og_url":"https:\/\/cap-arcona.com\/en\/startseite\/","og_site_name":"Cap Arcona","article_modified_time":"2022-11-16T15:10:49+00:00","twitter_card":"summary_large_image","twitter_misc":{"Est. reading time":"6 minutes"},"schema":{"@context":"https:\/\/schema.org","@graph":[{"@type":"WebPage","@id":"https:\/\/cap-arcona.com\/en\/startseite\/","url":"https:\/\/cap-arcona.com\/en\/startseite\/","name":"Startseite - Cap Arcona","isPartOf":{"@id":"https:\/\/cap-arcona.com\/#website"},"datePublished":"2021-10-25T14:22:12+00:00","dateModified":"2022-11-16T15:10:49+00:00","breadcrumb":{"@id":"https:\/\/cap-arcona.com\/en\/startseite\/#breadcrumb"},"inLanguage":"en-US","potentialAction":[{"@type":"ReadAction","target":["https:\/\/cap-arcona.com\/en\/startseite\/"]}]},{"@type":"BreadcrumbList","@id":"https:\/\/cap-arcona.com\/en\/startseite\/#breadcrumb","itemListElement":[{"@type":"ListItem","position":1,"name":"Startseite","item":"https:\/\/cap-arcona.com\/en\/startseite\/"},{"@type":"ListItem","position":2,"name":"Startseite"}]},{"@type":"WebSite","@id":"https:\/\/cap-arcona.com\/#website","url":"https:\/\/cap-arcona.com\/","name":"Cap Arcona","description":"Eine weitere WordPress-Seite","potentialAction":[{"@type":"SearchAction","target":{"@type":"EntryPoint","urlTemplate":"https:\/\/cap-arcona.com\/?s={search_term_string}"},"query-input":"required name=search_term_string"}],"inLanguage":"en-US"}]}},"_links":{"self":[{"href":"https:\/\/cap-arcona.com\/en\/wp-json\/wp\/v2\/pages\/665"}],"collection":[{"href":"https:\/\/cap-arcona.com\/en\/wp-json\/wp\/v2\/pages"}],"about":[{"href":"https:\/\/cap-arcona.com\/en\/wp-json\/wp\/v2\/types\/page"}],"author":[{"embeddable":true,"href":"https:\/\/cap-arcona.com\/en\/wp-json\/wp\/v2\/users\/1"}],"replies":[{"embeddable":true,"href":"https:\/\/cap-arcona.com\/en\/wp-json\/wp\/v2\/comments?post=665"}],"version-history":[{"count":2,"href":"https:\/\/cap-arcona.com\/en\/wp-json\/wp\/v2\/pages\/665\/revisions"}],"predecessor-version":[{"id":669,"href":"https:\/\/cap-arcona.com\/en\/wp-json\/wp\/v2\/pages\/665\/revisions\/669"}],"wp:attachment":[{"href":"https:\/\/cap-arcona.com\/en\/wp-json\/wp\/v2\/media?parent=665"}],"curies":[{"name":"wp","href":"https:\/\/api.w.org\/{rel}","templated":true}]}}